{"id":1590,"date":"2025-12-09T11:55:14","date_gmt":"2025-12-09T10:55:14","guid":{"rendered":"https:\/\/www.bailly-lapierre.fr\/fuehrungen\/"},"modified":"2026-03-16T17:24:22","modified_gmt":"2026-03-16T16:24:22","slug":"fuehrungen","status":"publish","type":"page","link":"https:\/\/www.bailly-lapierre.fr\/de\/fuehrungen\/","title":{"rendered":"F\u00fchrungen"},"content":{"rendered":"<div class=\"wpb-content-wrapper\"><p>[vc_row][vc_column][vc_single_image image=&#8220;2057&#8243; img_size=&#8220;FULL&#8220; parallax_scroll=&#8220;no&#8220; woodmart_inline=&#8220;no&#8220;][vc_empty_space height=&#8220;20px&#8220; woodmart_hide_large=&#8220;0&#8243; woodmart_hide_medium=&#8220;0&#8243; woodmart_hide_small=&#8220;0&#8243;][vc_custom_heading text=&#8220;2025&#8243; use_theme_fonts=&#8220;yes&#8220; el_class=&#8220;titre-annee&#8220;][vc_row_inner equal_height=&#8220;yes&#8220; content_placement=&#8220;middle&#8220; woodmart_css_id=&#8220;6512c584d0685&#8243; responsive_spacing=&#8220;eyJwYXJhbV90eXBlIjoid29vZG1hcnRfcmVzcG9uc2l2ZV9zcGFjaW5nIiwic2VsZWN0b3JfaWQiOiI2NTEyYzU4NGQwNjg1Iiwic2hvcnRjb2RlIjoidmNfcm93X2lubmVyIiwiZGF0YSI6eyJ0YWJsZXQiOnt9LCJtb2JpbGUiOnt9fX0=&#8220; mobile_bg_img_hidden=&#8220;no&#8220; tablet_bg_img_hidden=&#8220;no&#8220; woodmart_parallax=&#8220;0&#8243; woodmart_gradient_switch=&#8220;no&#8220; woodmart_box_shadow=&#8220;no&#8220; wd_z_index=&#8220;no&#8220; woodmart_disable_overflow=&#8220;0&#8243; row_reverse_mobile=&#8220;0&#8243; row_reverse_tablet=&#8220;0&#8243;][vc_column_inner width=&#8220;5\/6&#8243;][vc_custom_heading text=&#8220;F\u00dcHRUNGEN IN UNSEREN KELLERN&#8220; font_container=&#8220;tag:h4|text_align:left&#8220; use_theme_fonts=&#8220;yes&#8220; el_class=&#8220;marron lucida&#8220;][vc_column_text woodmart_inline=&#8220;no&#8220; text_larger=&#8220;no&#8220;]<\/p>\n<div class=\"wpb_text_column wpb_content_element\">\n<div class=\"wpb_wrapper\">\n<p>Unsere Keller befinden sich 12 km von Auxerre, 140 km von Beaune, 140 km von Dijon, 180 km von Paris.<\/p>\n<p>Die Besichtigung von einer Stunde beinhaltet: eine F\u00fchrung (45 Minuten) und eine Verkostung von 2 Cr\u00e9mants (15 Minuten), an deren Ende Sie die Sektfl\u00f6te als Souvenir erhalten.<\/p>\n<p>Bringen Sie warme Kleidung mit, denn im Keller herrscht eine Temperatur von 12\u00b0C.<\/p>\n<\/div>\n<\/div>\n<p>[\/vc_column_text][\/vc_column_inner][vc_column_inner width=&#8220;1\/6&#8243;][vc_single_image image=&#8220;1592&#8243; img_size=&#8220;full&#8220; alignment=&#8220;center&#8220; parallax_scroll=&#8220;no&#8220; woodmart_inline=&#8220;no&#8220;][\/vc_column_inner][\/vc_row_inner][vc_column_text woodmart_inline=&#8220;no&#8220; text_larger=&#8220;no&#8220; css=&#8220;.vc_custom_1716943848693{margin-bottom: 0px !important;}&#8220;]<strong><span class=\"lucida\" style=\"color: #bd9e62;\">\u00d6FFENTLICHE F\u00dcHRUNGEN<br \/>\n<\/span><\/strong><br \/>\n<strong><span style=\"color: #b22222;\"> F\u00dcHRUNGEN VON MONTAG BIS FREITAG<br \/>\n<\/span>\u00b7 Vom 9. Februar bis zum 6. M\u00e4rz :<\/strong> 15:30<br \/>\n<strong>\u00b7 Vom 7. April bis zum 3. Juni :<\/strong> 15:30 und 16:30<br \/>\n<strong>\u00b7 Vom 6. Juli bis zum 28. August :<\/strong> 14:30 bis 17:30 ; F\u00fchrungsbeginn alle 30 Minuten<br \/>\n<strong>\u00b7 Vom 31. August bis zum 2. Oktober :<\/strong> 15:30 und 16:30<br \/>\n<strong>\u00b7 Vom 19. Oktober bis zum 30. Oktober :<\/strong> 15:30<br \/>\n<strong>\u00b7 Vom 21. bis zum 30. Dezember :<\/strong> 15:30 und 16:30<\/p>\n<p><strong><span style=\"color: #b22222;\">F\u00dcHRUNGEN AN WOCHENENDEN UND FEIERTAGEN<br \/>\n<\/span><\/strong><strong>\u00b7 Vom 3. Januar bis zum 29. M\u00e4rz :<\/strong> 15:30 und 16:30<br \/>\n<strong>\u00b7 Vom 4. April bis zum 8. November :<\/strong> 14:30 bis 17:30 ; F\u00fchrungsbeginn alle 30 Minuten<br \/>\n<strong>\u00b7 Vom 14. November bis zum 27. Dezember :<\/strong> 15:30 und 16:30<\/p>\n<p>Keine F\u00fchrungen am 24. und 31. Dezember.<\/p>\n<p>Die Audio-F\u00fchrer sind gratis und stehen in Englisch, Deutsch und Niederl\u00e4ndisch zur Verf\u00fcgung.<br \/>\nEintritt: 9 \u20ac pro Erwachsener (gratis f\u00fcr Personen unter 18 Jahren)<\/p>\n<p><em>Maximal k\u00f6nnen 20 Personen pro F\u00fchrung betreut werden.<\/em><\/p>\n<p><strong><span style=\"color: #bd9e62;\">\u00a0<\/span><\/strong>[\/vc_column_text][vc_row_inner][vc_column_inner width=&#8220;3\/6&#8243;][vc_column_text woodmart_inline=&#8220;no&#8220; text_larger=&#8220;no&#8220;]SPIELBUCH F\u00dcR KINDERCr\u00e9mant de Bourgogne dank unseres Spielehefts den Kindern erkl\u00e4rt.Preis: 2,00 \u20ac[\/vc_column_text][\/vc_column_inner][vc_column_inner width=&#8220;1\/6&#8243;][vc_single_image image=&#8220;1593&#8243; img_size=&#8220;full&#8220; alignment=&#8220;center&#8220; parallax_scroll=&#8220;no&#8220; woodmart_inline=&#8220;no&#8220;][\/vc_column_inner][vc_column_inner width=&#8220;1\/6&#8243;][\/vc_column_inner][vc_column_inner width=&#8220;1\/6&#8243;][\/vc_column_inner][\/vc_row_inner][vc_row_inner][vc_column_inner width=&#8220;3\/6&#8243;][vc_column_text woodmart_inline=&#8220;no&#8220; text_larger=&#8220;no&#8220;]<\/p>\n<p><span style=\"color: #ff0000;\"><strong><span class=\"lucida\" style=\"color: #bd9e62;\">F\u00dcR GRUPPEN<\/span><\/strong><\/span><\/p>\n<p><strong>Gruppen ab 15 Personen, das ganze Jahr \u00fcber, nur nach vorheriger Anmeldung.<\/strong> Reservierung per Telefon mindestens 2 Monate im Voraus vor dem gew\u00e4hlten Termin und Best\u00e4tigung der Reservierung per Email mindestens 3 Wochen vor dem Termin.<\/p>\n<p>F\u00fchrungen in Englisch, Deutsch und Niederl\u00e4ndisch sind auch m\u00f6glich.<\/p>\n<p>Falls Sie sich 30 Minuten oder mehr versp\u00e4ten und sich nicht rechtzeitig telefonisch melden, betrachten wir Ihre Reservierung als annulliert.<\/p>\n<p>Eintritt: 8 \u20ac pro Erwachsener.<\/p>\n<p><em>Sollten Sie beim Ihrem Besuch weniger als 15 Personen z\u00e4hlen, ist ein Pauschalpreis von 110\u20ac zu entrichten.<\/em>[\/vc_column_text][vc_column_text woodmart_inline=&#8220;no&#8220; text_larger=&#8220;no&#8220; css=&#8220;.vc_custom_1716944223378{margin-bottom: 0px !important;}&#8220;]<strong><span class=\"lucida\" style=\"color: #bd9e62;\">PRIVATBESICHTIGUNG DER KELLER<\/span><\/strong><\/p>\n<p><strong>Bis zu 15 Personen (nur mit Reservierung).<\/strong><\/p>\n<p>Nach Ihrer Besichtigung begleitet Sie Ihr Guide zur Verkostung an einen ganz besonderen Ort im Herzen der Kellers: unsere Vinothek.<\/p>\n<p>Eintritt : 110 \u20ac pro Gruppe<\/p>\n<p><strong>F\u00fcr alle weiterf\u00fcrhrenden Informationen und Reservierung,<\/strong><br \/>\n<strong>Kontakt +33 3 86 53 77 76.<\/strong><br \/>\n<strong>Email : <a href=\"mailto:caveau@bailly-lapierre.fr\" target=\"_blank\" rel=\"noopener\">caveau@bailly-lapierre.fr<\/a><br \/>\n<\/strong><strong><span class=\"lucida\" style=\"color: #bd9e62;\"><br \/>\nZUG\u00c4NGLICHKEIT UND BEHINDERUNGSSITUATION<br \/>\n<\/span><\/strong>Unser Keller tr\u00e4gt die Auszeichnung Tourismus &amp; Handicap, da er den Zugang f\u00fcr verschiedene Personen mit eingeschr\u00e4nkter Mobilit\u00e4t (motorische, geistige und H\u00f6rbehinderungen) erm\u00f6glicht. Um Menschen mit Behinderungen unter den besten Bedingungen aufnehmen zu k\u00f6nnen, werden unsere Mitarbeiter geschult und sensibilisiert.<br \/>\nDer Standort und die Besichtigung finden jedoch unter den nat\u00fcrlichen Lagerbedingungen Ihres Weines statt, also in einer feuchten, k\u00fchlen und dunklen Umgebung.<br \/>\nWir verf\u00fcgen \u00fcber verschiedene Ger\u00e4te, die es uns erm\u00f6glichen, den Besuch f\u00fcr jedermann zug\u00e4nglich zu machen (Rollstuhl, Parkplatz, angepasste Toiletten usw.).<br \/>\nF\u00fcr weitere Informationen wenden Sie sich bitte direkt an den Weinkeller unter 03 86 53 77 76.<\/p>\n<p>[\/vc_column_text][vc_custom_heading text=&#8220;PARTNER&#8220; font_container=&#8220;tag:h4|text_align:left|color:%23bd9e62&#8243; use_theme_fonts=&#8220;yes&#8220;][vc_column_text woodmart_inline=&#8220;no&#8220; text_larger=&#8220;no&#8220; css=&#8220;.vc_custom_1716943969450{margin-bottom: 0px !important;}&#8220;]Wir freuen uns, Sie in den Kellern von Bailly Lapierre begr\u00fc\u00dfen zu d\u00fcrfen, damit Sie, Dank unserer Aktivit\u00e4ten im Weintourismus, in lebendiger Atmosph\u00e4re k\u00f6stlich prickelnde Erfahrungen sammeln k\u00f6nnen.<\/p>\n<p>F\u00fcr einen angenehmen Aufenthalt an der Yonne empfehlen wir Ihnen die folgenden Partnerhotels und -restaurants.<br \/>\n<a href=\"https:\/\/www.bailly-lapierre.fr\/de\/partenaires\/\"><strong>Partner<\/strong><\/a>[\/vc_column_text][vc_empty_space woodmart_hide_large=&#8220;0&#8243; woodmart_hide_medium=&#8220;0&#8243; woodmart_hide_small=&#8220;0&#8243;][\/vc_column][\/vc_row]<\/p>\n<\/div>","protected":false},"excerpt":{"rendered":"<p>[vc_row][vc_column][vc_single_image image=&#8220;2057&#8243; img_size=&#8220;FULL&#8220; parallax_scroll=&#8220;no&#8220; woodmart_inline=&#8220;no&#8220;][vc_empty_space height=&#8220;20px&#8220; woodmart_hide_large=&#8220;0&#8243; woodmart_hide_medium=&#8220;0&#8243; woodmart_hide_small=&#8220;0&#8243;][vc_custom_heading text=&#8220;2025&#8243; use_theme_fonts=&#8220;yes&#8220; el_class=&#8220;titre-annee&#8220;][vc_row_inner equal_height=&#8220;yes&#8220; content_placement=&#8220;middle&#8220; woodmart_css_id=&#8220;6512c584d0685&#8243; responsive_spacing=&#8220;eyJwYXJhbV90eXBlIjoid29vZG1hcnRfcmVzcG9uc2l2ZV9zcGFjaW5nIiwic2VsZWN0b3JfaWQiOiI2NTEyYzU4NGQwNjg1Iiwic2hvcnRjb2RlIjoidmNfcm93X2lubmVyIiwiZGF0YSI6eyJ0YWJsZXQiOnt9LCJtb2JpbGUiOnt9fX0=&#8220; mobile_bg_img_hidden=&#8220;no&#8220; tablet_bg_img_hidden=&#8220;no&#8220; woodmart_parallax=&#8220;0&#8243; woodmart_gradient_switch=&#8220;no&#8220;<\/p>\n","protected":false},"author":1,"featured_media":0,"parent":0,"menu_order":0,"comment_status":"closed","ping_status":"closed","template":"","meta":{"footnotes":""},"class_list":["post-1590","page","type-page","status-publish","hentry"],"yoast_head":"<title>F\u00fchrungen - Bailly Lapierre<\/title>\n<meta name=\"robots\" content=\"index, follow, max-snippet:-1, max-image-preview:large, max-video-preview:-1\" \/>\n<link rel=\"canonical\" href=\"https:\/\/www.bailly-lapierre.fr\/de\/fuehrungen\/\" \/>\n<meta property=\"og:locale\" content=\"de_DE\" \/>\n<meta property=\"og:type\" content=\"article\" \/>\n<meta property=\"og:title\" content=\"F\u00fchrungen - Bailly Lapierre\" \/>\n<meta property=\"og:description\" content=\"[vc_row][vc_column][vc_single_image image=&#8220;2057&#8243; img_size=&#8220;FULL&#8220; parallax_scroll=&#8220;no&#8220; woodmart_inline=&#8220;no&#8220;][vc_empty_space height=&#8220;20px&#8220; woodmart_hide_large=&#8220;0&#8243; woodmart_hide_medium=&#8220;0&#8243; woodmart_hide_small=&#8220;0&#8243;][vc_custom_heading text=&#8220;2025&#8243; use_theme_fonts=&#8220;yes&#8220; el_class=&#8220;titre-annee&#8220;][vc_row_inner equal_height=&#8220;yes&#8220; content_placement=&#8220;middle&#8220; woodmart_css_id=&#8220;6512c584d0685&#8243; responsive_spacing=&#8220;eyJwYXJhbV90eXBlIjoid29vZG1hcnRfcmVzcG9uc2l2ZV9zcGFjaW5nIiwic2VsZWN0b3JfaWQiOiI2NTEyYzU4NGQwNjg1Iiwic2hvcnRjb2RlIjoidmNfcm93X2lubmVyIiwiZGF0YSI6eyJ0YWJsZXQiOnt9LCJtb2JpbGUiOnt9fX0=&#8220; mobile_bg_img_hidden=&#8220;no&#8220; tablet_bg_img_hidden=&#8220;no&#8220; woodmart_parallax=&#8220;0&#8243; woodmart_gradient_switch=&#8220;no&#8220;\" \/>\n<meta property=\"og:url\" content=\"https:\/\/www.bailly-lapierre.fr\/de\/fuehrungen\/\" \/>\n<meta property=\"og:site_name\" content=\"Bailly Lapierre\" \/>\n<meta property=\"article:publisher\" content=\"https:\/\/www.facebook.com\/BaillyLapierre\/\" \/>\n<meta property=\"article:modified_time\" content=\"2026-03-16T16:24:22+00:00\" \/>\n<meta name=\"twitter:card\" content=\"summary_large_image\" \/>\n<meta name=\"twitter:label1\" content=\"Gesch\u00e4tzte Lesezeit\" \/>\n\t<meta name=\"twitter:data1\" content=\"4\u00a0Minuten\" \/>\n<script type=\"application\/ld+json\" class=\"yoast-schema-graph\">{\"@context\":\"https:\\\/\\\/schema.org\",\"@graph\":[{\"@type\":\"WebPage\",\"@id\":\"https:\\\/\\\/www.bailly-lapierre.fr\\\/de\\\/fuehrungen\\\/\",\"url\":\"https:\\\/\\\/www.bailly-lapierre.fr\\\/de\\\/fuehrungen\\\/\",\"name\":\"F\u00fchrungen - Bailly Lapierre\",\"isPartOf\":{\"@id\":\"https:\\\/\\\/www.bailly-lapierre.fr\\\/de\\\/#website\"},\"datePublished\":\"2025-12-09T10:55:14+00:00\",\"dateModified\":\"2026-03-16T16:24:22+00:00\",\"breadcrumb\":{\"@id\":\"https:\\\/\\\/www.bailly-lapierre.fr\\\/de\\\/fuehrungen\\\/#breadcrumb\"},\"inLanguage\":\"de\",\"potentialAction\":[{\"@type\":\"ReadAction\",\"target\":[\"https:\\\/\\\/www.bailly-lapierre.fr\\\/de\\\/fuehrungen\\\/\"]}]},{\"@type\":\"BreadcrumbList\",\"@id\":\"https:\\\/\\\/www.bailly-lapierre.fr\\\/de\\\/fuehrungen\\\/#breadcrumb\",\"itemListElement\":[{\"@type\":\"ListItem\",\"position\":1,\"name\":\"Accueil\",\"item\":\"https:\\\/\\\/www.bailly-lapierre.fr\\\/de\\\/\"},{\"@type\":\"ListItem\",\"position\":2,\"name\":\"F\u00fchrungen\"}]},{\"@type\":\"WebSite\",\"@id\":\"https:\\\/\\\/www.bailly-lapierre.fr\\\/de\\\/#website\",\"url\":\"https:\\\/\\\/www.bailly-lapierre.fr\\\/de\\\/\",\"name\":\"Bailly Lapierre\",\"description\":\"\",\"publisher\":{\"@id\":\"https:\\\/\\\/www.bailly-lapierre.fr\\\/de\\\/#organization\"},\"potentialAction\":[{\"@type\":\"SearchAction\",\"target\":{\"@type\":\"EntryPoint\",\"urlTemplate\":\"https:\\\/\\\/www.bailly-lapierre.fr\\\/de\\\/?s={search_term_string}\"},\"query-input\":{\"@type\":\"PropertyValueSpecification\",\"valueRequired\":true,\"valueName\":\"search_term_string\"}}],\"inLanguage\":\"de\"},{\"@type\":\"Organization\",\"@id\":\"https:\\\/\\\/www.bailly-lapierre.fr\\\/de\\\/#organization\",\"name\":\"Bailly Lapierre\",\"url\":\"https:\\\/\\\/www.bailly-lapierre.fr\\\/de\\\/\",\"logo\":{\"@type\":\"ImageObject\",\"inLanguage\":\"de\",\"@id\":\"https:\\\/\\\/www.bailly-lapierre.fr\\\/de\\\/#\\\/schema\\\/logo\\\/image\\\/\",\"url\":\"https:\\\/\\\/www.bailly-lapierre.fr\\\/wp-content\\\/uploads\\\/2023\\\/09\\\/logo_Cremants_de_Bourgogne_Bailly_Lapierre.png\",\"contentUrl\":\"https:\\\/\\\/www.bailly-lapierre.fr\\\/wp-content\\\/uploads\\\/2023\\\/09\\\/logo_Cremants_de_Bourgogne_Bailly_Lapierre.png\",\"width\":843,\"height\":317,\"caption\":\"Bailly Lapierre\"},\"image\":{\"@id\":\"https:\\\/\\\/www.bailly-lapierre.fr\\\/de\\\/#\\\/schema\\\/logo\\\/image\\\/\"},\"sameAs\":[\"https:\\\/\\\/www.facebook.com\\\/BaillyLapierre\\\/\"]}]}<\/script>","yoast_head_json":{"title":"F\u00fchrungen - Bailly Lapierre","robots":{"index":"index","follow":"follow","max-snippet":"max-snippet:-1","max-image-preview":"max-image-preview:large","max-video-preview":"max-video-preview:-1"},"canonical":"https:\/\/www.bailly-lapierre.fr\/de\/fuehrungen\/","og_locale":"de_DE","og_type":"article","og_title":"F\u00fchrungen - Bailly Lapierre","og_description":"[vc_row][vc_column][vc_single_image image=&#8220;2057&#8243; img_size=&#8220;FULL&#8220; parallax_scroll=&#8220;no&#8220; woodmart_inline=&#8220;no&#8220;][vc_empty_space height=&#8220;20px&#8220; woodmart_hide_large=&#8220;0&#8243; woodmart_hide_medium=&#8220;0&#8243; woodmart_hide_small=&#8220;0&#8243;][vc_custom_heading text=&#8220;2025&#8243; use_theme_fonts=&#8220;yes&#8220; el_class=&#8220;titre-annee&#8220;][vc_row_inner equal_height=&#8220;yes&#8220; content_placement=&#8220;middle&#8220; woodmart_css_id=&#8220;6512c584d0685&#8243; responsive_spacing=&#8220;eyJwYXJhbV90eXBlIjoid29vZG1hcnRfcmVzcG9uc2l2ZV9zcGFjaW5nIiwic2VsZWN0b3JfaWQiOiI2NTEyYzU4NGQwNjg1Iiwic2hvcnRjb2RlIjoidmNfcm93X2lubmVyIiwiZGF0YSI6eyJ0YWJsZXQiOnt9LCJtb2JpbGUiOnt9fX0=&#8220; mobile_bg_img_hidden=&#8220;no&#8220; tablet_bg_img_hidden=&#8220;no&#8220; woodmart_parallax=&#8220;0&#8243; woodmart_gradient_switch=&#8220;no&#8220;","og_url":"https:\/\/www.bailly-lapierre.fr\/de\/fuehrungen\/","og_site_name":"Bailly Lapierre","article_publisher":"https:\/\/www.facebook.com\/BaillyLapierre\/","article_modified_time":"2026-03-16T16:24:22+00:00","twitter_card":"summary_large_image","twitter_misc":{"Gesch\u00e4tzte Lesezeit":"4\u00a0Minuten"},"schema":{"@context":"https:\/\/schema.org","@graph":[{"@type":"WebPage","@id":"https:\/\/www.bailly-lapierre.fr\/de\/fuehrungen\/","url":"https:\/\/www.bailly-lapierre.fr\/de\/fuehrungen\/","name":"F\u00fchrungen - Bailly Lapierre","isPartOf":{"@id":"https:\/\/www.bailly-lapierre.fr\/de\/#website"},"datePublished":"2025-12-09T10:55:14+00:00","dateModified":"2026-03-16T16:24:22+00:00","breadcrumb":{"@id":"https:\/\/www.bailly-lapierre.fr\/de\/fuehrungen\/#breadcrumb"},"inLanguage":"de","potentialAction":[{"@type":"ReadAction","target":["https:\/\/www.bailly-lapierre.fr\/de\/fuehrungen\/"]}]},{"@type":"BreadcrumbList","@id":"https:\/\/www.bailly-lapierre.fr\/de\/fuehrungen\/#breadcrumb","itemListElement":[{"@type":"ListItem","position":1,"name":"Accueil","item":"https:\/\/www.bailly-lapierre.fr\/de\/"},{"@type":"ListItem","position":2,"name":"F\u00fchrungen"}]},{"@type":"WebSite","@id":"https:\/\/www.bailly-lapierre.fr\/de\/#website","url":"https:\/\/www.bailly-lapierre.fr\/de\/","name":"Bailly Lapierre","description":"","publisher":{"@id":"https:\/\/www.bailly-lapierre.fr\/de\/#organization"},"potentialAction":[{"@type":"SearchAction","target":{"@type":"EntryPoint","urlTemplate":"https:\/\/www.bailly-lapierre.fr\/de\/?s={search_term_string}"},"query-input":{"@type":"PropertyValueSpecification","valueRequired":true,"valueName":"search_term_string"}}],"inLanguage":"de"},{"@type":"Organization","@id":"https:\/\/www.bailly-lapierre.fr\/de\/#organization","name":"Bailly Lapierre","url":"https:\/\/www.bailly-lapierre.fr\/de\/","logo":{"@type":"ImageObject","inLanguage":"de","@id":"https:\/\/www.bailly-lapierre.fr\/de\/#\/schema\/logo\/image\/","url":"https:\/\/www.bailly-lapierre.fr\/wp-content\/uploads\/2023\/09\/logo_Cremants_de_Bourgogne_Bailly_Lapierre.png","contentUrl":"https:\/\/www.bailly-lapierre.fr\/wp-content\/uploads\/2023\/09\/logo_Cremants_de_Bourgogne_Bailly_Lapierre.png","width":843,"height":317,"caption":"Bailly Lapierre"},"image":{"@id":"https:\/\/www.bailly-lapierre.fr\/de\/#\/schema\/logo\/image\/"},"sameAs":["https:\/\/www.facebook.com\/BaillyLapierre\/"]}]}},"_links":{"self":[{"href":"https:\/\/www.bailly-lapierre.fr\/de\/wp-json\/wp\/v2\/pages\/1590","targetHints":{"allow":["GET"]}}],"collection":[{"href":"https:\/\/www.bailly-lapierre.fr\/de\/wp-json\/wp\/v2\/pages"}],"about":[{"href":"https:\/\/www.bailly-lapierre.fr\/de\/wp-json\/wp\/v2\/types\/page"}],"author":[{"embeddable":true,"href":"https:\/\/www.bailly-lapierre.fr\/de\/wp-json\/wp\/v2\/users\/1"}],"replies":[{"embeddable":true,"href":"https:\/\/www.bailly-lapierre.fr\/de\/wp-json\/wp\/v2\/comments?post=1590"}],"version-history":[{"count":11,"href":"https:\/\/www.bailly-lapierre.fr\/de\/wp-json\/wp\/v2\/pages\/1590\/revisions"}],"predecessor-version":[{"id":2566,"href":"https:\/\/www.bailly-lapierre.fr\/de\/wp-json\/wp\/v2\/pages\/1590\/revisions\/2566"}],"wp:attachment":[{"href":"https:\/\/www.bailly-lapierre.fr\/de\/wp-json\/wp\/v2\/media?parent=1590"}],"curies":[{"name":"wp","href":"https:\/\/api.w.org\/{rel}","templated":true}]}}