{"id":1482,"date":"2023-07-04T12:42:02","date_gmt":"2023-07-04T10:42:02","guid":{"rendered":"https:\/\/www.bailly-lapierre.fr\/partner\/"},"modified":"2024-05-27T17:48:24","modified_gmt":"2024-05-27T15:48:24","slug":"partner","status":"publish","type":"page","link":"https:\/\/www.bailly-lapierre.fr\/de\/partner\/","title":{"rendered":"Partner"},"content":{"rendered":"<div class=\"wpb-content-wrapper\"><p>[vc_row][vc_column][vc_column_text woodmart_inline=&#8220;no&#8220; text_larger=&#8220;no&#8220;]Wir freuen uns, Sie in den Kellern von Bailly Lapierre begr\u00fc\u00dfen zu d\u00fcrfen, damit Sie, Dank unserer Aktivit\u00e4ten im Weintourismus, in lebendiger Atmosph\u00e4re k\u00f6stlich prickelnde Erfahrungen sammeln k\u00f6nnen.<\/p>\n<p>F\u00fcr einen angenehmen Aufenthalt an der Yonne empfehlen wir Ihnen die folgenden Partnerhotels und -restaurants:[\/vc_column_text][vc_separator wd_hide_on_desktop=&#8220;no&#8220; wd_hide_on_tablet=&#8220;no&#8220; wd_hide_on_mobile=&#8220;no&#8220;][\/vc_column][\/vc_row][vc_row content_placement=&#8220;top&#8220; woodmart_css_id=&#8220;64a4159995ebf&#8220; responsive_spacing=&#8220;eyJwYXJhbV90eXBlIjoid29vZG1hcnRfcmVzcG9uc2l2ZV9zcGFjaW5nIiwic2VsZWN0b3JfaWQiOiI2NGE0MTU5OTk1ZWJmIiwic2hvcnRjb2RlIjoidmNfcm93IiwiZGF0YSI6eyJ0YWJsZXQiOnt9LCJtb2JpbGUiOnt9fX0=&#8220; mobile_bg_img_hidden=&#8220;no&#8220; tablet_bg_img_hidden=&#8220;no&#8220; woodmart_parallax=&#8220;0&#8243; woodmart_gradient_switch=&#8220;no&#8220; woodmart_box_shadow=&#8220;no&#8220; wd_z_index=&#8220;no&#8220; woodmart_disable_overflow=&#8220;0&#8243; row_reverse_mobile=&#8220;0&#8243; row_reverse_tablet=&#8220;0&#8243;][vc_column width=&#8220;1\/2&#8243;][vc_custom_heading text=&#8220;L\u2019AUBERGE D\u2019AUGY&#8220; font_container=&#8220;tag:h4|text_align:left|color:%23bd9e62&#8243; use_theme_fonts=&#8220;yes&#8220; css=&#8220;.vc_custom_1695306102489{margin-bottom: 0px !important;}&#8220;][vc_column_text woodmart_inline=&#8220;no&#8220; text_larger=&#8220;no&#8220;]<\/p>\n<p style=\"font-size: 1rem;\"><strong>Ein Gasthaus f\u00fcr Feinschmecker, 5 km zu den<br \/>\nKellern Bailly Lapierre<\/strong><\/p>\n<p>[\/vc_column_text][vc_column_text woodmart_inline=&#8220;no&#8220; text_larger=&#8220;no&#8220;]Das Restaurant L\u2019Auberge d\u2019Augy befindet sich 3 km von der Ausfahrt der A6 entfernt, am Ortseingang zur Gemeinde von Augy. Jeden Tag in der Woche, von Montag bis Sonntag, empfangen Sie Marie und Jany zum Mittag, und freitags und samstags am Abend. In herzlich warmer Atmosph\u00e4re k\u00f6nnen Sie die traditionelle Schlemmerk\u00fcche probieren, an sch\u00f6nen Tagen auch auf der mit Blumen geschm\u00fcckten Terrasse. L\u2019Auberge d\u2019Augy kann auch Gruppen empfangen. Es gibt zwei S\u00e4le f\u00fcr 50 G\u00e4ste, darunter 20 Sitzpl\u00e4tze. Parkpl\u00e4tze f\u00fcr PKWs gibt es vorne, hinter dem Geb\u00e4ude stehen welche f\u00fcr Busse zur Verf\u00fcgung.   <\/p>\n<p><strong>RESTAURANT L\u2019AUBERGE D\u2019AUGY<\/strong><br \/>\n2 bis route nationale, 89290 Augy<br \/>\nTel. +33 3 86 53 35 54<\/p>\n<p><a href=\"https:\/\/www.aubergedaugy.com\/\" target=\"_blank\" rel=\"noopener\">www.aubergedaugy.fr<\/a><br \/>\n<a href=\"https:\/\/www.facebook.com\/aubergedaugy\/?fref=ts\" target=\"_blank\" rel=\"noopener\">Facebook<\/a>[\/vc_column_text][\/vc_column][vc_column width=&#8220;1\/2&#8243;][vc_row_inner][vc_column_inner width=&#8220;1\/3&#8243;][\/vc_column_inner][vc_column_inner width=&#8220;1\/3&#8243;][vc_single_image image=&#8220;1484&#8243; img_size=&#8220;full&#8220; alignment=&#8220;center&#8220; parallax_scroll=&#8220;no&#8220; woodmart_inline=&#8220;no&#8220; css=&#8220;.vc_custom_1695305864977{margin-bottom: 0px !important;}&#8220;][\/vc_column_inner][vc_column_inner width=&#8220;1\/3&#8243;][\/vc_column_inner][\/vc_row_inner][vc_row_inner][vc_column_inner width=&#8220;1\/6&#8243;][\/vc_column_inner][vc_column_inner width=&#8220;2\/3&#8243;][vc_single_image image=&#8220;1483&#8243; img_size=&#8220;full&#8220; alignment=&#8220;center&#8220; parallax_scroll=&#8220;no&#8220; woodmart_inline=&#8220;no&#8220;][\/vc_column_inner][vc_column_inner width=&#8220;1\/6&#8243;][\/vc_column_inner][\/vc_row_inner][\/vc_column][\/vc_row][vc_row][vc_column][vc_separator wd_hide_on_desktop=&#8220;no&#8220; wd_hide_on_tablet=&#8220;no&#8220; wd_hide_on_mobile=&#8220;no&#8220;][\/vc_column][\/vc_row][vc_row equal_height=&#8220;yes&#8220; content_placement=&#8220;middle&#8220; woodmart_css_id=&#8220;64a41877ce0a5&#8243; responsive_spacing=&#8220;eyJwYXJhbV90eXBlIjoid29vZG1hcnRfcmVzcG9uc2l2ZV9zcGFjaW5nIiwic2VsZWN0b3JfaWQiOiI2NGE0MTg3N2NlMGE1Iiwic2hvcnRjb2RlIjoidmNfcm93IiwiZGF0YSI6eyJ0YWJsZXQiOnt9LCJtb2JpbGUiOnt9fX0=&#8220; mobile_bg_img_hidden=&#8220;no&#8220; tablet_bg_img_hidden=&#8220;no&#8220; woodmart_parallax=&#8220;0&#8243; woodmart_gradient_switch=&#8220;no&#8220; woodmart_box_shadow=&#8220;no&#8220; wd_z_index=&#8220;no&#8220; woodmart_disable_overflow=&#8220;0&#8243; row_reverse_mobile=&#8220;0&#8243; row_reverse_tablet=&#8220;0&#8243;][vc_column width=&#8220;1\/2&#8243;][vc_custom_heading text=&#8220;INTER-H\u00d4TEL NORMANDIE&#8220; font_container=&#8220;tag:h4|text_align:left|color:%23bd9e62&#8243; use_theme_fonts=&#8220;yes&#8220; css=&#8220;.vc_custom_1695306126460{margin-bottom: 0px !important;}&#8220;][vc_column_text woodmart_inline=&#8220;no&#8220; text_larger=&#8220;no&#8220;]<\/p>\n<p style=\"font-size: 1rem;\"><strong>Ein reizendes 3-Sterne-Hotel in Auxerre, 12 km<br \/>\nzu den Kellern Bailly Lapierre<\/strong><\/p>\n<p>[\/vc_column_text][vc_column_text woodmart_inline=&#8220;no&#8220; text_larger=&#8220;no&#8220;]Das Normandie ist ein reizendes Hotel, das von seiner ausgezeichneten Lage nahe des Zentrums von Auxerre profitiert. Sie werden die herzliche und charmante Atmosph\u00e4re dieses Landhauses aus dem 19. Jahrhundert, das rund um die Uhr f\u00fcr Sie da ist, zu sch\u00e4tzen wissen. Unsere 47 Zimmer, alle in einem eigenen Stil gehalten, sind klimatisiert, ruhig und ger\u00e4umig. Eine Breitband-Wifi-Verbindung mit dem Internet steht im ganzen Hotel zur Verf\u00fcgung, sowie eine Garage und ein Fahrradraum. Das Hotel ist ideal als Quartier f\u00fcr Erkundungen des Burgunds. W\u00e4hrend Ihres Aufenthalts k\u00f6nnen Sie das historische Zentrum Auxerres auskundschaften, sowie Wanderungen oder Radtouren durch die Weinberge machen. <\/p>\n<p><strong>INTER-H\u00d4TEL NORMANDIE<\/strong><br \/>\n41 boulevard Vauban, 89000 Auxerre<br \/>\nTel. +33 3 86 52 57 80, Fax +33 3 86 51 54 33<br \/>\n<a href=\"mailto:reception@hotelnormandie.fr\" target=\"_blank\" rel=\"noopener\">reception@hotelnormandie.fr<\/a><\/p>\n<p><a href=\"https:\/\/www.hotelnormandie.fr\/\" target=\"_blank\" rel=\"noopener\">www.hotelnormandie.fr<\/a>[\/vc_column_text][\/vc_column][vc_column width=&#8220;1\/2&#8243;][vc_row_inner][vc_column_inner width=&#8220;1\/5&#8243;][\/vc_column_inner][vc_column_inner width=&#8220;1\/5&#8243;][\/vc_column_inner][vc_column_inner width=&#8220;1\/5&#8243;][vc_single_image image=&#8220;1488&#8243; img_size=&#8220;full&#8220; alignment=&#8220;center&#8220; parallax_scroll=&#8220;no&#8220; woodmart_inline=&#8220;no&#8220;][\/vc_column_inner][vc_column_inner width=&#8220;1\/5&#8243;][\/vc_column_inner][vc_column_inner width=&#8220;1\/5&#8243;][\/vc_column_inner][\/vc_row_inner][vc_row_inner][vc_column_inner width=&#8220;1\/6&#8243;][\/vc_column_inner][vc_column_inner width=&#8220;2\/3&#8243;][vc_single_image image=&#8220;1487&#8243; img_size=&#8220;full&#8220; alignment=&#8220;center&#8220; parallax_scroll=&#8220;no&#8220; woodmart_inline=&#8220;no&#8220;][\/vc_column_inner][vc_column_inner width=&#8220;1\/6&#8243;][\/vc_column_inner][\/vc_row_inner][\/vc_column][\/vc_row][vc_row][vc_column][vc_separator wd_hide_on_desktop=&#8220;no&#8220; wd_hide_on_tablet=&#8220;no&#8220; wd_hide_on_mobile=&#8220;no&#8220;][\/vc_column][\/vc_row][vc_row equal_height=&#8220;yes&#8220; content_placement=&#8220;top&#8220; woodmart_css_id=&#8220;650c524815211&#8243; responsive_spacing=&#8220;eyJwYXJhbV90eXBlIjoid29vZG1hcnRfcmVzcG9uc2l2ZV9zcGFjaW5nIiwic2VsZWN0b3JfaWQiOiI2NTBjNTI0ODE1MjExIiwic2hvcnRjb2RlIjoidmNfcm93IiwiZGF0YSI6eyJ0YWJsZXQiOnt9LCJtb2JpbGUiOnt9fX0=&#8220; mobile_bg_img_hidden=&#8220;no&#8220; tablet_bg_img_hidden=&#8220;no&#8220; woodmart_parallax=&#8220;0&#8243; woodmart_gradient_switch=&#8220;no&#8220; woodmart_box_shadow=&#8220;no&#8220; wd_z_index=&#8220;no&#8220; woodmart_disable_overflow=&#8220;0&#8243; row_reverse_mobile=&#8220;0&#8243; row_reverse_tablet=&#8220;0&#8243;][vc_column width=&#8220;1\/2&#8243;][vc_custom_heading text=&#8220;LE MOULIN DE LA COUDRE&#8220; font_container=&#8220;tag:h4|text_align:left|color:%23bd9e62&#8243; use_theme_fonts=&#8220;yes&#8220; css=&#8220;.vc_custom_1695306152391{margin-bottom: 0px !important;}&#8220;][vc_column_text woodmart_inline=&#8220;no&#8220; text_larger=&#8220;no&#8220;]<\/p>\n<p style=\"font-size: 1rem;\"><strong>Ein Familienunternehmen zwischen Auxerre und Chablis, 11 km<br \/>\nzu den Kellern Bailly Lapierre<\/strong><\/p>\n<p>[\/vc_column_text][vc_column_text woodmart_inline=&#8220;no&#8220; text_larger=&#8220;no&#8220;]Auf halbem Wege zwischen Auxerre und Chablis, 5 Minuten von der Autobahnausfahrt 20 der A6 entfernt, erwarten Sie die Familie Vaury und ihre Angestellten in der M\u00fchle \u00ab Moulin de la Coudre \u00bb, einem Ort, der Eleganz und Heiterkeit ausstrahlt. Im Restaurant k\u00f6nnen Sie raffinierte Gerichte der regionalen K\u00fcche entdecken, im Hotel die Ruhe dieser Gegend genie\u00dfen.  <\/p>\n<p><strong>LE MOULIN DE LA COUDRE<\/strong><br \/>\n8 rue des Gravottes, 89290 Venoy<br \/>\nTel. +33 3 86 40 23 79<br \/>\n<a href=\"mailto:moulin@moulindelacoudre.com\" target=\"_blank\" rel=\"noopener\">moulin@moulindelacoudre.com<\/a><\/p>\n<p><a href=\"https:\/\/www.moulindelacoudre.fr\/fr\/accueil\/\" target=\"_blank\" rel=\"noopener\">www.moulindelacoudre.com<\/a><br \/>\n<a href=\"https:\/\/www.facebook.com\/lemoulindelacoudre\" target=\"_blank\" rel=\"noopener\">Facebook<\/a> | <a href=\"https:\/\/twitter.com\/i\/flow\/login?redirect_after_login=%2FMoulin2lacoudre\" target=\"_blank\" rel=\"noopener\">Twitter<\/a> | <a href=\"https:\/\/www.instagram.com\/moulindelacoudre\/\" target=\"_blank\" rel=\"noopener\">Instagram<\/a>[\/vc_column_text][\/vc_column][vc_column width=&#8220;1\/2&#8243;][vc_row_inner][vc_column_inner width=&#8220;1\/4&#8243;][\/vc_column_inner][vc_column_inner width=&#8220;1\/2&#8243;][vc_single_image image=&#8220;1490&#8243; img_size=&#8220;full&#8220; alignment=&#8220;center&#8220; parallax_scroll=&#8220;no&#8220; woodmart_inline=&#8220;no&#8220;][\/vc_column_inner][vc_column_inner width=&#8220;1\/4&#8243;][\/vc_column_inner][\/vc_row_inner][vc_row_inner][vc_column_inner width=&#8220;1\/6&#8243;][\/vc_column_inner][vc_column_inner width=&#8220;2\/3&#8243;][vc_single_image image=&#8220;1489&#8243; img_size=&#8220;full&#8220; alignment=&#8220;center&#8220; parallax_scroll=&#8220;no&#8220; woodmart_inline=&#8220;no&#8220;][\/vc_column_inner][vc_column_inner width=&#8220;1\/6&#8243;][\/vc_column_inner][\/vc_row_inner][\/vc_column][\/vc_row][vc_row][vc_column][vc_separator wd_hide_on_desktop=&#8220;no&#8220; wd_hide_on_tablet=&#8220;no&#8220; wd_hide_on_mobile=&#8220;no&#8220;][\/vc_column][\/vc_row][vc_row equal_height=&#8220;yes&#8220; content_placement=&#8220;top&#8220; woodmart_css_id=&#8220;650c522bb3fd8&#8243; responsive_spacing=&#8220;eyJwYXJhbV90eXBlIjoid29vZG1hcnRfcmVzcG9uc2l2ZV9zcGFjaW5nIiwic2VsZWN0b3JfaWQiOiI2NTBjNTIyYmIzZmQ4Iiwic2hvcnRjb2RlIjoidmNfcm93IiwiZGF0YSI6eyJ0YWJsZXQiOnt9LCJtb2JpbGUiOnt9fX0=&#8220; mobile_bg_img_hidden=&#8220;no&#8220; tablet_bg_img_hidden=&#8220;no&#8220; woodmart_parallax=&#8220;0&#8243; woodmart_gradient_switch=&#8220;no&#8220; woodmart_box_shadow=&#8220;no&#8220; wd_z_index=&#8220;no&#8220; woodmart_disable_overflow=&#8220;0&#8243; row_reverse_mobile=&#8220;0&#8243; row_reverse_tablet=&#8220;0&#8243;][vc_column width=&#8220;1\/2&#8243;][vc_custom_heading text=&#8220;HOSTELLERIE DES CLOS&#8220; font_container=&#8220;tag:h4|text_align:left|color:%23bd9e62&#8243; use_theme_fonts=&#8220;yes&#8220; css=&#8220;.vc_custom_1695306415958{margin-bottom: 0px !important;}&#8220;][vc_column_text woodmart_inline=&#8220;no&#8220; text_larger=&#8220;no&#8220;]<\/p>\n<p style=\"font-size: 1rem;\"><strong>Ein 4-Sterne-Hotel im Herzen Chablis, 18 km<br \/>\nzu den Kellern von Bailly Lapierre<\/strong><\/p>\n<p>[\/vc_column_text][vc_column_text woodmart_inline=&#8220;no&#8220; text_larger=&#8220;no&#8220;]In der N\u00e4he des Rathauses von Chablis bietet Ihnen die Hostellerie des Clos die Annehmlichkeiten eines 4-Sterne-Hotels mit herzlicher Atmosph\u00e4re in historischer Umgebung. Unsere 36 Zimmer zeigen sich elegant und zeitlos in einem harmonischen Ton und einem guten Zusammenspiel von Material und Beleuchtung. Aufgeteilt auf zwei Geb\u00e4ude, dem alten Hospiz von Chablis und dem Hauptgeb\u00e4ude der Domaine befinden sich unsere Zimmer, die verschiedenen Kategorien zuzuordnen sind: Standard, Komfort, gr\u00f6\u00dferer Komfort, Superior (R\u00e9sidence) und Duplex (R\u00e9sidence). Seit April ist die Hostellerie des Clos auch mit einem SPA ausger\u00fcstet, mit Sauna, Entspannungsraum und Personal zu Ihren Diensten\u2026 Was die Gastronomie angeht: probieren Sie unsere K\u00fcche mit Burgunder Akzenten begleitet von einem Weinangebot mit gro\u00dfem Anteil an regionalen Referenzen. Das Restaurant ist jeden Tag mittags und abends ge\u00f6ffnet. An sch\u00f6nen Tagen wird das Mittagessen auch auf der Terrasse serviert. F\u00fcr famili\u00e4re oder professionelle Events stehen Ihnen S\u00e4le zur Verf\u00fcgung, die wir nach Ihren Vorstellungen und Bed\u00fcrfnissen gestalten k\u00f6nnen. Z\u00f6gern Sie nicht, Kontakt zu uns aufzunehmen und mit uns zusammen eine auf Sie zugeschnittene Leistung auszuarbeiten. Unser gesamtes Personal erwartet Sie, um Ihnen die Liebe von Chablis weiterzugeben.         <\/p>\n<p><strong>HOSTELLERIE DES CLOS<\/strong><br \/>\n18 rue Jules Rathier, 89800 Chablis<br \/>\nTel. +33 3 86 42 10 63, Fax +33 3 86 42 17 11<br \/>\n<a href=\"mailto:host.clos@gmail.com\" target=\"_blank\" rel=\"noopener\">host.clos@gmail.com<\/a><\/p>\n<p><a href=\"https:\/\/www.hostellerie-des-clos.fr\/\" target=\"_blank\" rel=\"noopener\">hostellerie-des-clos.fr<\/a><br \/>\n<a href=\"https:\/\/www.facebook.com\/Hostelleriedesclos\/\" target=\"_blank\" rel=\"noopener\">Facebook<\/a> | <a href=\"https:\/\/twitter.com\/i\/flow\/login?redirect_after_login=%2FHost_Des_Clos%3Fref_src%3Dtwsrc%255Etfw%26ref_url%3Dhttp%253A%252F%252Fwww.hostellerie-des-clos.fr%252Ffr%252Findex.php\" target=\"_blank\" rel=\"noopener\">Twitter<\/a>[\/vc_column_text][\/vc_column][vc_column width=&#8220;1\/2&#8243;][vc_row_inner][vc_column_inner width=&#8220;1\/4&#8243;][\/vc_column_inner][vc_column_inner width=&#8220;1\/2&#8243;][vc_single_image image=&#8220;1492&#8243; img_size=&#8220;full&#8220; alignment=&#8220;center&#8220; parallax_scroll=&#8220;no&#8220; woodmart_inline=&#8220;no&#8220;][\/vc_column_inner][vc_column_inner width=&#8220;1\/4&#8243;][\/vc_column_inner][\/vc_row_inner][vc_row_inner][vc_column_inner width=&#8220;1\/6&#8243;][\/vc_column_inner][vc_column_inner width=&#8220;2\/3&#8243;][vc_single_image image=&#8220;1491&#8243; img_size=&#8220;full&#8220; alignment=&#8220;center&#8220; parallax_scroll=&#8220;no&#8220; woodmart_inline=&#8220;no&#8220;][\/vc_column_inner][vc_column_inner width=&#8220;1\/6&#8243;][\/vc_column_inner][\/vc_row_inner][\/vc_column][\/vc_row][vc_row][vc_column][vc_separator wd_hide_on_desktop=&#8220;no&#8220; wd_hide_on_tablet=&#8220;no&#8220; wd_hide_on_mobile=&#8220;no&#8220;][\/vc_column][\/vc_row][vc_row equal_height=&#8220;yes&#8220; content_placement=&#8220;middle&#8220; woodmart_css_id=&#8220;64a41877ce0a5&#8243; responsive_spacing=&#8220;eyJwYXJhbV90eXBlIjoid29vZG1hcnRfcmVzcG9uc2l2ZV9zcGFjaW5nIiwic2VsZWN0b3JfaWQiOiI2NGE0MTg3N2NlMGE1Iiwic2hvcnRjb2RlIjoidmNfcm93IiwiZGF0YSI6eyJ0YWJsZXQiOnt9LCJtb2JpbGUiOnt9fX0=&#8220; mobile_bg_img_hidden=&#8220;no&#8220; tablet_bg_img_hidden=&#8220;no&#8220; woodmart_parallax=&#8220;0&#8243; woodmart_gradient_switch=&#8220;no&#8220; woodmart_box_shadow=&#8220;no&#8220; wd_z_index=&#8220;no&#8220; woodmart_disable_overflow=&#8220;0&#8243; row_reverse_mobile=&#8220;0&#8243; row_reverse_tablet=&#8220;0&#8243;][vc_column width=&#8220;1\/2&#8243;][vc_custom_heading text=&#8220;LE RELAIS FLEURI&#8220; font_container=&#8220;tag:h4|text_align:left|color:%23bd9e62&#8243; use_theme_fonts=&#8220;yes&#8220; css=&#8220;.vc_custom_1695306406277{margin-bottom: 0px !important;}&#8220;][vc_column_text woodmart_inline=&#8220;no&#8220; text_larger=&#8220;no&#8220;]<\/p>\n<p style=\"font-size: 1rem;\"><strong>Ein 3-Sterne-Hotel im Herzen eines Parks in der N\u00e4he von Avallon, 40 km zu den Kellern Bailly Lapierre<\/strong><\/p>\n<p>[\/vc_column_text][vc_column_text woodmart_inline=&#8220;no&#8220; text_larger=&#8220;no&#8220;]Mitten in einem 5 Hektar gro\u00dfen Blumengarten und nur 5 Minuten entfernt von der mittelalterlichen Stadt von Avallon bietet Ihnen das 3-Sterne-Hotel \u00ab Le Relais Fleuri \u00bb einen zauberhaften Aufenthalt mit angenehmem Entspannungs- und Wellnessangebot (Au\u00dfenschwimmbecken beheizt). Das Restaurant, das in den Restaurantf\u00fchrern \u00ab Gault Millau \u00bb, \u00ab Le Bottin Gourmand \u00bb und \u00ab Guide Michelin \u00bb empfohlen und pr\u00e4miert wird, bietet Ihnen die gro\u00dfen Klassiker der franz\u00f6sischen K\u00fcche in aller Feinheit und Originalit\u00e4t. Die Zimmer, modern und gem\u00fctlich, bieten einen kuscheligen Komfort f\u00fcr s\u00fc\u00dfe erholsame N\u00e4chte. Gesch\u00e4ftsleuten, die einen g\u00fcnstigen Rahmen zum Nachdenken suchen, organisiert das Relais Fleuri Seminare und Empf\u00e4nge.   <\/p>\n<p><strong>H\u00d4TEL-RESTAURANT LE RELAIS FLEURI<\/strong><br \/>\n1 La Cerce, 89200 Sauvigny-le-Bois<br \/>\nTel. +33 3 86 34 02 85<\/p>\n<p><a href=\"http:\/\/www.hotel-relais-fleuri.com\/fr\/accueil.php\" target=\"_blank\" rel=\"noopener\">www.hotel-relais-fleuri.com<\/a>[\/vc_column_text][\/vc_column][vc_column width=&#8220;1\/2&#8243;][vc_row_inner][vc_column_inner width=&#8220;1\/3&#8243;][\/vc_column_inner][vc_column_inner width=&#8220;1\/3&#8243;][vc_single_image image=&#8220;1494&#8243; img_size=&#8220;full&#8220; alignment=&#8220;center&#8220; parallax_scroll=&#8220;no&#8220; woodmart_inline=&#8220;no&#8220;][\/vc_column_inner][vc_column_inner width=&#8220;1\/3&#8243;][\/vc_column_inner][\/vc_row_inner][vc_row_inner][vc_column_inner width=&#8220;1\/6&#8243;][\/vc_column_inner][vc_column_inner width=&#8220;2\/3&#8243;][vc_single_image image=&#8220;1493&#8243; img_size=&#8220;full&#8220; alignment=&#8220;center&#8220; parallax_scroll=&#8220;no&#8220; woodmart_inline=&#8220;no&#8220;][\/vc_column_inner][vc_column_inner width=&#8220;1\/6&#8243;][\/vc_column_inner][\/vc_row_inner][\/vc_column][\/vc_row]<\/p>\n<\/div>","protected":false},"excerpt":{"rendered":"<p>[vc_row][vc_column][vc_column_text woodmart_inline=&#8220;no&#8220; text_larger=&#8220;no&#8220;]Wir freuen uns, Sie in den Kellern von Bailly Lapierre begr\u00fc\u00dfen zu d\u00fcrfen, damit Sie, Dank unserer Aktivit\u00e4ten<\/p>\n","protected":false},"author":1,"featured_media":0,"parent":0,"menu_order":0,"comment_status":"closed","ping_status":"closed","template":"","meta":{"footnotes":""},"class_list":["post-1482","page","type-page","status-publish","hentry"],"yoast_head":"<title>Partner - Bailly Lapierre<\/title>\n<meta name=\"robots\" content=\"index, follow, max-snippet:-1, max-image-preview:large, max-video-preview:-1\" \/>\n<link rel=\"canonical\" href=\"https:\/\/www.bailly-lapierre.fr\/de\/partner\/\" \/>\n<meta property=\"og:locale\" content=\"de_DE\" \/>\n<meta property=\"og:type\" content=\"article\" \/>\n<meta property=\"og:title\" content=\"Partner - Bailly Lapierre\" \/>\n<meta property=\"og:description\" content=\"[vc_row][vc_column][vc_column_text woodmart_inline=&#8220;no&#8220; text_larger=&#8220;no&#8220;]Wir freuen uns, Sie in den Kellern von Bailly Lapierre begr\u00fc\u00dfen zu d\u00fcrfen, damit Sie, Dank unserer Aktivit\u00e4ten\" \/>\n<meta property=\"og:url\" content=\"https:\/\/www.bailly-lapierre.fr\/de\/partner\/\" \/>\n<meta property=\"og:site_name\" content=\"Bailly Lapierre\" \/>\n<meta property=\"article:publisher\" content=\"https:\/\/www.facebook.com\/BaillyLapierre\/\" \/>\n<meta property=\"article:modified_time\" content=\"2024-05-27T15:48:24+00:00\" \/>\n<meta name=\"twitter:card\" content=\"summary_large_image\" \/>\n<meta name=\"twitter:label1\" content=\"Gesch\u00e4tzte Lesezeit\" \/>\n\t<meta name=\"twitter:data1\" content=\"10\u00a0Minuten\" \/>\n<script type=\"application\/ld+json\" class=\"yoast-schema-graph\">{\"@context\":\"https:\\\/\\\/schema.org\",\"@graph\":[{\"@type\":\"WebPage\",\"@id\":\"https:\\\/\\\/www.bailly-lapierre.fr\\\/de\\\/partner\\\/\",\"url\":\"https:\\\/\\\/www.bailly-lapierre.fr\\\/de\\\/partner\\\/\",\"name\":\"Partner - Bailly Lapierre\",\"isPartOf\":{\"@id\":\"https:\\\/\\\/www.bailly-lapierre.fr\\\/de\\\/#website\"},\"datePublished\":\"2023-07-04T10:42:02+00:00\",\"dateModified\":\"2024-05-27T15:48:24+00:00\",\"breadcrumb\":{\"@id\":\"https:\\\/\\\/www.bailly-lapierre.fr\\\/de\\\/partner\\\/#breadcrumb\"},\"inLanguage\":\"de\",\"potentialAction\":[{\"@type\":\"ReadAction\",\"target\":[\"https:\\\/\\\/www.bailly-lapierre.fr\\\/de\\\/partner\\\/\"]}]},{\"@type\":\"BreadcrumbList\",\"@id\":\"https:\\\/\\\/www.bailly-lapierre.fr\\\/de\\\/partner\\\/#breadcrumb\",\"itemListElement\":[{\"@type\":\"ListItem\",\"position\":1,\"name\":\"Accueil\",\"item\":\"https:\\\/\\\/www.bailly-lapierre.fr\\\/de\\\/\"},{\"@type\":\"ListItem\",\"position\":2,\"name\":\"Partner\"}]},{\"@type\":\"WebSite\",\"@id\":\"https:\\\/\\\/www.bailly-lapierre.fr\\\/de\\\/#website\",\"url\":\"https:\\\/\\\/www.bailly-lapierre.fr\\\/de\\\/\",\"name\":\"Bailly Lapierre\",\"description\":\"\",\"publisher\":{\"@id\":\"https:\\\/\\\/www.bailly-lapierre.fr\\\/de\\\/#organization\"},\"potentialAction\":[{\"@type\":\"SearchAction\",\"target\":{\"@type\":\"EntryPoint\",\"urlTemplate\":\"https:\\\/\\\/www.bailly-lapierre.fr\\\/de\\\/?s={search_term_string}\"},\"query-input\":{\"@type\":\"PropertyValueSpecification\",\"valueRequired\":true,\"valueName\":\"search_term_string\"}}],\"inLanguage\":\"de\"},{\"@type\":\"Organization\",\"@id\":\"https:\\\/\\\/www.bailly-lapierre.fr\\\/de\\\/#organization\",\"name\":\"Bailly Lapierre\",\"url\":\"https:\\\/\\\/www.bailly-lapierre.fr\\\/de\\\/\",\"logo\":{\"@type\":\"ImageObject\",\"inLanguage\":\"de\",\"@id\":\"https:\\\/\\\/www.bailly-lapierre.fr\\\/de\\\/#\\\/schema\\\/logo\\\/image\\\/\",\"url\":\"https:\\\/\\\/www.bailly-lapierre.fr\\\/wp-content\\\/uploads\\\/2023\\\/09\\\/logo_Cremants_de_Bourgogne_Bailly_Lapierre.png\",\"contentUrl\":\"https:\\\/\\\/www.bailly-lapierre.fr\\\/wp-content\\\/uploads\\\/2023\\\/09\\\/logo_Cremants_de_Bourgogne_Bailly_Lapierre.png\",\"width\":843,\"height\":317,\"caption\":\"Bailly Lapierre\"},\"image\":{\"@id\":\"https:\\\/\\\/www.bailly-lapierre.fr\\\/de\\\/#\\\/schema\\\/logo\\\/image\\\/\"},\"sameAs\":[\"https:\\\/\\\/www.facebook.com\\\/BaillyLapierre\\\/\"]}]}<\/script>","yoast_head_json":{"title":"Partner - Bailly Lapierre","robots":{"index":"index","follow":"follow","max-snippet":"max-snippet:-1","max-image-preview":"max-image-preview:large","max-video-preview":"max-video-preview:-1"},"canonical":"https:\/\/www.bailly-lapierre.fr\/de\/partner\/","og_locale":"de_DE","og_type":"article","og_title":"Partner - Bailly Lapierre","og_description":"[vc_row][vc_column][vc_column_text woodmart_inline=&#8220;no&#8220; text_larger=&#8220;no&#8220;]Wir freuen uns, Sie in den Kellern von Bailly Lapierre begr\u00fc\u00dfen zu d\u00fcrfen, damit Sie, Dank unserer Aktivit\u00e4ten","og_url":"https:\/\/www.bailly-lapierre.fr\/de\/partner\/","og_site_name":"Bailly Lapierre","article_publisher":"https:\/\/www.facebook.com\/BaillyLapierre\/","article_modified_time":"2024-05-27T15:48:24+00:00","twitter_card":"summary_large_image","twitter_misc":{"Gesch\u00e4tzte Lesezeit":"10\u00a0Minuten"},"schema":{"@context":"https:\/\/schema.org","@graph":[{"@type":"WebPage","@id":"https:\/\/www.bailly-lapierre.fr\/de\/partner\/","url":"https:\/\/www.bailly-lapierre.fr\/de\/partner\/","name":"Partner - Bailly Lapierre","isPartOf":{"@id":"https:\/\/www.bailly-lapierre.fr\/de\/#website"},"datePublished":"2023-07-04T10:42:02+00:00","dateModified":"2024-05-27T15:48:24+00:00","breadcrumb":{"@id":"https:\/\/www.bailly-lapierre.fr\/de\/partner\/#breadcrumb"},"inLanguage":"de","potentialAction":[{"@type":"ReadAction","target":["https:\/\/www.bailly-lapierre.fr\/de\/partner\/"]}]},{"@type":"BreadcrumbList","@id":"https:\/\/www.bailly-lapierre.fr\/de\/partner\/#breadcrumb","itemListElement":[{"@type":"ListItem","position":1,"name":"Accueil","item":"https:\/\/www.bailly-lapierre.fr\/de\/"},{"@type":"ListItem","position":2,"name":"Partner"}]},{"@type":"WebSite","@id":"https:\/\/www.bailly-lapierre.fr\/de\/#website","url":"https:\/\/www.bailly-lapierre.fr\/de\/","name":"Bailly Lapierre","description":"","publisher":{"@id":"https:\/\/www.bailly-lapierre.fr\/de\/#organization"},"potentialAction":[{"@type":"SearchAction","target":{"@type":"EntryPoint","urlTemplate":"https:\/\/www.bailly-lapierre.fr\/de\/?s={search_term_string}"},"query-input":{"@type":"PropertyValueSpecification","valueRequired":true,"valueName":"search_term_string"}}],"inLanguage":"de"},{"@type":"Organization","@id":"https:\/\/www.bailly-lapierre.fr\/de\/#organization","name":"Bailly Lapierre","url":"https:\/\/www.bailly-lapierre.fr\/de\/","logo":{"@type":"ImageObject","inLanguage":"de","@id":"https:\/\/www.bailly-lapierre.fr\/de\/#\/schema\/logo\/image\/","url":"https:\/\/www.bailly-lapierre.fr\/wp-content\/uploads\/2023\/09\/logo_Cremants_de_Bourgogne_Bailly_Lapierre.png","contentUrl":"https:\/\/www.bailly-lapierre.fr\/wp-content\/uploads\/2023\/09\/logo_Cremants_de_Bourgogne_Bailly_Lapierre.png","width":843,"height":317,"caption":"Bailly Lapierre"},"image":{"@id":"https:\/\/www.bailly-lapierre.fr\/de\/#\/schema\/logo\/image\/"},"sameAs":["https:\/\/www.facebook.com\/BaillyLapierre\/"]}]}},"_links":{"self":[{"href":"https:\/\/www.bailly-lapierre.fr\/de\/wp-json\/wp\/v2\/pages\/1482","targetHints":{"allow":["GET"]}}],"collection":[{"href":"https:\/\/www.bailly-lapierre.fr\/de\/wp-json\/wp\/v2\/pages"}],"about":[{"href":"https:\/\/www.bailly-lapierre.fr\/de\/wp-json\/wp\/v2\/types\/page"}],"author":[{"embeddable":true,"href":"https:\/\/www.bailly-lapierre.fr\/de\/wp-json\/wp\/v2\/users\/1"}],"replies":[{"embeddable":true,"href":"https:\/\/www.bailly-lapierre.fr\/de\/wp-json\/wp\/v2\/comments?post=1482"}],"version-history":[{"count":3,"href":"https:\/\/www.bailly-lapierre.fr\/de\/wp-json\/wp\/v2\/pages\/1482\/revisions"}],"predecessor-version":[{"id":1497,"href":"https:\/\/www.bailly-lapierre.fr\/de\/wp-json\/wp\/v2\/pages\/1482\/revisions\/1497"}],"wp:attachment":[{"href":"https:\/\/www.bailly-lapierre.fr\/de\/wp-json\/wp\/v2\/media?parent=1482"}],"curies":[{"name":"wp","href":"https:\/\/api.w.org\/{rel}","templated":true}]}}